{"id":28,"date":"2025-09-05T16:02:02","date_gmt":"2025-09-05T13:02:02","guid":{"rendered":"https:\/\/www.askinnakliyat.net\/?page_id=28"},"modified":"2025-09-06T18:52:25","modified_gmt":"2025-09-06T15:52:25","slug":"araclarimiz","status":"publish","type":"page","link":"https:\/\/www.askinnakliyat.net\/?page_id=28","title":{"rendered":"Ara\u00e7lar\u0131m\u0131z"},"content":{"rendered":"\n<p><strong>ARA\u00c7LARIMIZ<\/strong><\/p>\n\n\n\n<p>&nbsp;&nbsp;&nbsp;&nbsp;&nbsp;&nbsp;&nbsp;&nbsp; A\u015fk\u0131n izmir evden eve nakliyat&nbsp; %100 kapal\u0131 ara\u00e7 garantisi verir ve daima yeni ara\u00e7larla size evden eve nakliyat hizmeti sa\u011flar .bornova evden eve nakliyat ta \u00f6nc\u00fc firma.<\/p>\n\n\n\n<p>Genel olarak ara\u00e7lar\u0131m\u0131z\u0131n bak\u0131m\u0131n\u0131 s\u00fcrekli bir \u015fekilde&nbsp; yapmaktay\u0131z. B\u00fct\u00fcn&nbsp; e\u015fyalar\u0131n\u0131z bizde \u00f6zel \u015feklide paketlenir b\u00f6ylece kald\u0131r\u0131larak&nbsp; nakliyat arac\u0131m\u0131za y\u00fcklenir.Bunu yaparken&nbsp; bizimle ileride tekrar ileti\u015fim kurabilece\u011finiz ger\u00e7e\u011fini asla unutmuyoruz..<\/p>\n\n\n\n<p>&nbsp;A\u015fk\u0131n izmir evden eve nakliyat \u015firketi olarak kapal\u0131 ara\u00e7lara e\u015fyalar\u0131n\u0131z\u0131 daha \u00f6nceden belirlenmi\u015f standart prensipler do\u011frultusunda ta\u015f\u0131ma yaparak hemen hemen s\u0131f\u0131r hata ama\u00e7l\u0131yoruz. ve bunu sa\u011fl\u0131yoruz<\/p>\n\n\n\n<p>izmir i\u00e7i nakliyat, izmir i\u00e7i s\u00fcper nakliyat.izmir i\u00e7i nakliyat.&nbsp;son sistem teknoloji ile donat\u0131lan ara\u00e7lar\u0131m\u0131zla izmir evden eve asans\u00f6rl\u00fc nakliyat hizmeti.<\/p>\n","protected":false},"excerpt":{"rendered":"<p>ARA\u00c7LARIMIZ &nbsp;&nbsp;&nbsp;&nbsp;&nbsp;&nbsp;&nbsp;&nbsp; A\u015fk\u0131n izmir evden eve nakliyat&nbsp; %100 kapal\u0131 ara\u00e7 garantisi verir ve daima yeni ara\u00e7larla size evden eve nakliyat hizmeti sa\u011flar .bornova evden eve nakliyat ta \u00f6nc\u00fc firma. Genel olarak ara\u00e7lar\u0131m\u0131z\u0131n bak\u0131m\u0131n\u0131 s\u00fcrekli bir \u015fekilde&nbsp; yapmaktay\u0131z. B\u00fct\u00fcn&nbsp; e\u015fyalar\u0131n\u0131z bizde \u00f6zel \u015feklide paketlenir b\u00f6ylece kald\u0131r\u0131larak&nbsp; nakliyat arac\u0131m\u0131za y\u00fcklenir.Bunu yaparken&nbsp; bizimle ileride tekrar ileti\u015fim kurabilece\u011finiz ger\u00e7e\u011fini&hellip; <br \/> <a class=\"read-more\" href=\"https:\/\/www.askinnakliyat.net\/?page_id=28\">Devam\u0131<\/a><\/p>\n","protected":false},"author":1,"featured_media":0,"parent":0,"menu_order":0,"comment_status":"closed","ping_status":"closed","template":"","meta":{"footnotes":""},"class_list":["post-28","page","type-page","status-publish","hentry"],"_links":{"self":[{"href":"https:\/\/www.askinnakliyat.net\/index.php?rest_route=\/wp\/v2\/pages\/28","targetHints":{"allow":["GET"]}}],"collection":[{"href":"https:\/\/www.askinnakliyat.net\/index.php?rest_route=\/wp\/v2\/pages"}],"about":[{"href":"https:\/\/www.askinnakliyat.net\/index.php?rest_route=\/wp\/v2\/types\/page"}],"author":[{"embeddable":true,"href":"https:\/\/www.askinnakliyat.net\/index.php?rest_route=\/wp\/v2\/users\/1"}],"replies":[{"embeddable":true,"href":"https:\/\/www.askinnakliyat.net\/index.php?rest_route=%2Fwp%2Fv2%2Fcomments&post=28"}],"version-history":[{"count":2,"href":"https:\/\/www.askinnakliyat.net\/index.php?rest_route=\/wp\/v2\/pages\/28\/revisions"}],"predecessor-version":[{"id":115,"href":"https:\/\/www.askinnakliyat.net\/index.php?rest_route=\/wp\/v2\/pages\/28\/revisions\/115"}],"wp:attachment":[{"href":"https:\/\/www.askinnakliyat.net\/index.php?rest_route=%2Fwp%2Fv2%2Fmedia&parent=28"}],"curies":[{"name":"wp","href":"https:\/\/api.w.org\/{rel}","templated":true}]}}