{"id":26,"date":"2025-09-05T16:00:48","date_gmt":"2025-09-05T13:00:48","guid":{"rendered":"https:\/\/www.askinnakliyat.net\/?page_id=26"},"modified":"2025-09-06T18:54:41","modified_gmt":"2025-09-06T15:54:41","slug":"sehirlerarasi-nakliyat","status":"publish","type":"page","link":"https:\/\/www.askinnakliyat.net\/?page_id=26","title":{"rendered":"\u015eehirleraras\u0131 Nakliyat"},"content":{"rendered":"\n<p><strong>\u015eehirleraras\u0131 Nakliyat<\/strong><\/p>\n\n\n\n<p>Bir \u015fehirden ba\u015fka bir \u015fehire nakliyat i\u015fleriniz oldu\u011funda size nakliyat i\u00e7in bir s\u00fcre veririz ve bu s\u00fcre i\u00e7erisinde nakliyat i\u015fleriniz tamamlanm\u0131\u015f olur.<\/p>\n\n\n\n<p>\u015eehirleraras\u0131 ta\u015f\u0131mac\u0131l\u0131kta A\u015fk\u0131n Nakliyat kalitesini ya\u015famak i\u00e7in bir\u00e7ok se\u00e7ene\u011finiz var.<\/p>\n\n\n\n<p>Ta\u015f\u0131nacak e\u015fyan\u0131n cinsi b\u00fcy\u00fckl\u00fc\u011f\u00fc ne olursa olsun T\u00fcrkiye\u2019nin t\u00fcm illerine hizmet vermekteyiz.<\/p>\n\n\n\n<p>Biz biliyoruz ki b\u00fct\u00fcn Evden Eve Nakliyat firmalar\u0131 ayn\u0131 de\u011fildir, biz sizin bireysel ihtiya\u00e7lar\u0131n\u0131za e\u015fyan\u0131z\u0131 ta\u015f\u0131rken en iyi yan\u0131t\u0131 verebilecek deneyim ve birikime sahibiz<\/p>\n\n\n\n<p>\u0130ZM\u0130R i\u00e7i ve d\u0131\u015f\u0131 \u015fehirler aras\u0131 evden eve nakliyat ta\u015f\u0131mac\u0131l\u0131k ve nakliye i\u015flerinizi g\u00fcvenle yapmaya aday\u0131z y\u0131llard\u0131r bu sekt\u00f6rde olan firmam\u0131z\u0131n izmir \u015fehirler aras\u0131 evden eve nakliyat i\u015flerinize kadar her t\u00fcrl\u00fc \u00e7al\u0131\u015fmay\u0131 yapacakt\u0131r.<\/p>\n","protected":false},"excerpt":{"rendered":"<p>\u015eehirleraras\u0131 Nakliyat Bir \u015fehirden ba\u015fka bir \u015fehire nakliyat i\u015fleriniz oldu\u011funda size nakliyat i\u00e7in bir s\u00fcre veririz ve bu s\u00fcre i\u00e7erisinde nakliyat i\u015fleriniz tamamlanm\u0131\u015f olur. \u015eehirleraras\u0131 ta\u015f\u0131mac\u0131l\u0131kta A\u015fk\u0131n Nakliyat kalitesini ya\u015famak i\u00e7in bir\u00e7ok se\u00e7ene\u011finiz var. Ta\u015f\u0131nacak e\u015fyan\u0131n cinsi b\u00fcy\u00fckl\u00fc\u011f\u00fc ne olursa olsun T\u00fcrkiye\u2019nin t\u00fcm illerine hizmet vermekteyiz. Biz biliyoruz ki b\u00fct\u00fcn Evden Eve Nakliyat firmalar\u0131 ayn\u0131&hellip; <br \/> <a class=\"read-more\" href=\"https:\/\/www.askinnakliyat.net\/?page_id=26\">Devam\u0131<\/a><\/p>\n","protected":false},"author":1,"featured_media":0,"parent":0,"menu_order":0,"comment_status":"closed","ping_status":"closed","template":"","meta":{"footnotes":""},"class_list":["post-26","page","type-page","status-publish","hentry"],"_links":{"self":[{"href":"https:\/\/www.askinnakliyat.net\/index.php?rest_route=\/wp\/v2\/pages\/26","targetHints":{"allow":["GET"]}}],"collection":[{"href":"https:\/\/www.askinnakliyat.net\/index.php?rest_route=\/wp\/v2\/pages"}],"about":[{"href":"https:\/\/www.askinnakliyat.net\/index.php?rest_route=\/wp\/v2\/types\/page"}],"author":[{"embeddable":true,"href":"https:\/\/www.askinnakliyat.net\/index.php?rest_route=\/wp\/v2\/users\/1"}],"replies":[{"embeddable":true,"href":"https:\/\/www.askinnakliyat.net\/index.php?rest_route=%2Fwp%2Fv2%2Fcomments&post=26"}],"version-history":[{"count":2,"href":"https:\/\/www.askinnakliyat.net\/index.php?rest_route=\/wp\/v2\/pages\/26\/revisions"}],"predecessor-version":[{"id":119,"href":"https:\/\/www.askinnakliyat.net\/index.php?rest_route=\/wp\/v2\/pages\/26\/revisions\/119"}],"wp:attachment":[{"href":"https:\/\/www.askinnakliyat.net\/index.php?rest_route=%2Fwp%2Fv2%2Fmedia&parent=26"}],"curies":[{"name":"wp","href":"https:\/\/api.w.org\/{rel}","templated":true}]}}