{"id":17,"date":"2025-09-05T15:57:55","date_gmt":"2025-09-05T12:57:55","guid":{"rendered":"https:\/\/www.askinnakliyat.net\/?page_id=17"},"modified":"2025-09-06T18:53:27","modified_gmt":"2025-09-06T15:53:27","slug":"evden-eve-nakliyat","status":"publish","type":"page","link":"https:\/\/www.askinnakliyat.net\/?page_id=17","title":{"rendered":"Evden Eve Nakliyat"},"content":{"rendered":"\n<p><strong>Evden Eve<\/strong><\/p>\n\n\n\n<p>M\u00fc\u015fteriye vermi\u015f oldu\u011fumuz \u00f6nemi, kullanm\u0131\u015f oldu\u011fumuz en kaliteli paketleme malzemeleriyle g\u00f6steririz. Paketlenmesi yap\u0131lacak e\u015fyan\u0131n cinsine ve hacmine g\u00f6re muhtelif ebatlarda karton kutular kullan\u0131lmaktad\u0131r. Kristal ve cam e\u015fyalar i\u00e7in mukavemeti y\u00fcksek karton variller kullan\u0131lmaktad\u0131r.<\/p>\n\n\n\n<p>Uzmanl\u0131k alan\u0131m\u0131z Evden eve nakliyat olup Sizin iste\u011finiz oldu\u011fu \u00fczere \u00fccretsiz experimiz e\u015fyalar\u0131n\u0131z\u0131 ve kat durumunu g\u00f6rmek i\u00e7in sizi ziyaret edecektir.<\/p>\n\n\n\n<p>Expertiz hizmetimiz \u00fccretsizdir. Expertiz ta\u015f\u0131mada \u00e7al\u0131\u015facak elemanlar\u0131n niteli\u011fini e\u015fyalar\u0131n\u0131za bakarak belirler. E\u015fyan\u0131z\u0131n hacim ve miktar\u0131na g\u00f6re kamyon b\u00fcy\u00fckl\u00fc\u011f\u00fcde belirlenir.<\/p>\n\n\n\n<p>Firmam\u0131z yetkilisine ula\u015ft\u0131ktan sonra yap\u0131lan g\u00f6r\u00fc\u015fmelerde anla\u015fmaya gidilir ise b\u00fcnyemiz dahilindeki eksperlerimiz taraf\u0131ndan evinizdeki e\u015fya yo\u011funlu\u011fu incelenmektedir. Buradaki \u00f6ncelikli ama\u00e7 ise ta\u015f\u0131nacak olan e\u015fyan\u0131z\u0131n ka\u00e7 ara\u00e7 veya hangi ara\u00e7la ta\u015f\u0131naca\u011f\u0131 , ne kadar eleman\u0131n gerekli oldu\u011fu , ambalajlama i\u00e7in ne kadar malzemenin kullanaca\u011f\u0131n\u0131 bulmakt\u0131r.<\/p>\n\n\n\n<p>Ekspertiz i\u015flemleri firmam\u0131z taraf\u0131ndan kar\u015f\u0131lanacak olup \u00fccretsiz olarak size sunulacakt\u0131r. E\u011fer bir anla\u015fma durumu olursa kar\u015f\u0131l\u0131kl\u0131 olarak bir s\u00f6zle\u015fme haz\u0131rlanarak imzalan\u0131r ve ta\u015f\u0131nacak e\u015fya sigortalanarak risklere kar\u015f\u0131 emniyetli hale getirilir.<br>Evden eve nakliyat hizmeti i\u00e7in bundan sonraki a\u015famalarda ise ta\u015f\u0131nmaya karar verilen g\u00fcn e\u011fer e\u015fyalar\u0131n\u0131z\u0131n say\u0131s\u0131 fazla ise bir g\u00fcn \u00f6nceden , de\u011filse ta\u015f\u0131nman\u0131n olaca\u011f\u0131 g\u00fcn ambalajlama ve paketleme elemanlar\u0131m\u0131z gelerek e\u015fyalar\u0131n\u0131z\u0131n paketleme ve ambalajlama i\u015flemlerini yaparlar.<\/p>\n\n\n\n<p>Evden eve nakliyat hizmetinde aile bireylerinden bir ki\u015finin olmas\u0131 yeterlidir. Gerekli oldu\u011fu taktirde uzmanlar\u0131m\u0131z taraf\u0131ndan e\u015fyalar\u0131n\u0131z\u0131n demonte i\u015flemleri yap\u0131larak , ta\u015f\u0131naca\u011f\u0131n\u0131z yeni adreste tekrar monte edilmektedir.<\/p>\n\n\n\n<p>Siz kahvenizi i\u00e7erken biz evinizi yada i\u015fyerinizi ta\u015f\u0131yal\u0131m.<\/p>\n\n\n\n<p>M\u00fc\u015fteri ile A\u015fk\u0131n Nakliyat aras\u0131ndaki ileti\u015fim daha sa\u011fl\u0131kl\u0131 ve daha ak\u0131c\u0131 olmas\u0131 i\u00e7in ta\u015f\u0131ma g\u00fcn\u00fc A\u015fk\u0131n Nakliyat\u2019\u0131n bir formen\u2019inin bulundu\u011funu ve m\u00fc\u015fterinin Direkt olarak bu formen ile muhatap olaca\u011f\u0131n\u0131 unutmay\u0131n\u0131z. E\u015fyan\u0131z\u0131n ta\u015f\u0131nmas\u0131 s\u0131ras\u0131nda do\u011fabilecek hasarda sak\u0131n pani\u011fe kap\u0131lmay\u0131n A\u015fk\u0131n Nakliyat bunuda d\u00fc\u015f\u00fcnerek sigorta \u015firketi ile bir hasar anla\u015fmas\u0131 yapm\u0131\u015ft\u0131r. Sigorta poli\u00e7esi ta\u015f\u0131ma g\u00fcn\u00fc formen taraf\u0131ndan m\u00fc\u015fteriye teslim edilecektir.(\u015eehirler aras\u0131 nakliyede) Hasar\u0131n teminat\u0131 konusunda m\u00fc\u015fteri A\u015fk\u0131n Nakliyat ile de\u011fil direkt olarak sigorta \u015firketi ile muhatapt\u0131r..<\/p>\n","protected":false},"excerpt":{"rendered":"<p>Evden Eve M\u00fc\u015fteriye vermi\u015f oldu\u011fumuz \u00f6nemi, kullanm\u0131\u015f oldu\u011fumuz en kaliteli paketleme malzemeleriyle g\u00f6steririz. Paketlenmesi yap\u0131lacak e\u015fyan\u0131n cinsine ve hacmine g\u00f6re muhtelif ebatlarda karton kutular kullan\u0131lmaktad\u0131r. Kristal ve cam e\u015fyalar i\u00e7in mukavemeti y\u00fcksek karton variller kullan\u0131lmaktad\u0131r. Uzmanl\u0131k alan\u0131m\u0131z Evden eve nakliyat olup Sizin iste\u011finiz oldu\u011fu \u00fczere \u00fccretsiz experimiz e\u015fyalar\u0131n\u0131z\u0131 ve kat durumunu g\u00f6rmek i\u00e7in sizi ziyaret&hellip; <br \/> <a class=\"read-more\" href=\"https:\/\/www.askinnakliyat.net\/?page_id=17\">Devam\u0131<\/a><\/p>\n","protected":false},"author":1,"featured_media":0,"parent":0,"menu_order":0,"comment_status":"closed","ping_status":"closed","template":"","meta":{"footnotes":""},"class_list":["post-17","page","type-page","status-publish","hentry"],"_links":{"self":[{"href":"https:\/\/www.askinnakliyat.net\/index.php?rest_route=\/wp\/v2\/pages\/17","targetHints":{"allow":["GET"]}}],"collection":[{"href":"https:\/\/www.askinnakliyat.net\/index.php?rest_route=\/wp\/v2\/pages"}],"about":[{"href":"https:\/\/www.askinnakliyat.net\/index.php?rest_route=\/wp\/v2\/types\/page"}],"author":[{"embeddable":true,"href":"https:\/\/www.askinnakliyat.net\/index.php?rest_route=\/wp\/v2\/users\/1"}],"replies":[{"embeddable":true,"href":"https:\/\/www.askinnakliyat.net\/index.php?rest_route=%2Fwp%2Fv2%2Fcomments&post=17"}],"version-history":[{"count":2,"href":"https:\/\/www.askinnakliyat.net\/index.php?rest_route=\/wp\/v2\/pages\/17\/revisions"}],"predecessor-version":[{"id":116,"href":"https:\/\/www.askinnakliyat.net\/index.php?rest_route=\/wp\/v2\/pages\/17\/revisions\/116"}],"wp:attachment":[{"href":"https:\/\/www.askinnakliyat.net\/index.php?rest_route=%2Fwp%2Fv2%2Fmedia&parent=17"}],"curies":[{"name":"wp","href":"https:\/\/api.w.org\/{rel}","templated":true}]}}