{"id":15,"date":"2025-09-05T15:57:06","date_gmt":"2025-09-05T12:57:06","guid":{"rendered":"https:\/\/www.askinnakliyat.net\/?page_id=15"},"modified":"2025-09-06T19:13:55","modified_gmt":"2025-09-06T16:13:55","slug":"hizmetlerimiz","status":"publish","type":"page","link":"https:\/\/www.askinnakliyat.net\/?page_id=15","title":{"rendered":"Hizmetlerimiz"},"content":{"rendered":"\n<p><strong>Hizmetlerimiz<\/strong><\/p>\n\n\n\n<p>&nbsp;&nbsp;&nbsp;&nbsp;&nbsp;&nbsp;&nbsp; A\u015fk\u0131n izmir evden eve nakliyat&nbsp; sigortal\u0131 ta\u015f\u0131mac\u0131l\u0131k ilkesinden kesinlikle \u00f6d\u00fcn vermeden ta\u015f\u0131ma yapmaktad\u0131r.<\/p>\n\n\n\n<p>&nbsp;&nbsp;&nbsp;&nbsp;&nbsp;&nbsp;&nbsp; E\u015fyalar\u0131n\u0131z de\u011ferli ise A\u015fk\u0131n Nakliyat emrinizde Bizde profesyonel kalite de hizmet&nbsp; ve biz bunun bilincindeyiz .Her ne kadar yeti\u015fmi\u015f elemanlarla \u00e7al\u0131\u015f\u0131l\u0131rsa \u00e7al\u0131\u015f\u0131ls\u0131n kaza olma ihtimali vb gibi durumlar her zaman&nbsp; mevcuttur. B\u00f6yle durumlar da daima tam garantili sigortam\u0131z mevcuttur.<\/p>\n\n\n\n<p>&nbsp;&nbsp;&nbsp;&nbsp;&nbsp;&nbsp;&nbsp; B\u00f6yle durumlara kar\u015f\u0131 evden eve nakliyat firmalar\u0131n\u0131n ta\u015f\u0131d\u0131\u011f\u0131 mallara \u00f6zel sigorta i\u015flemleri geli\u015ftirilmi\u015ftir. Bizde bundan faydalanarak sigortal\u0131 ta\u015f\u0131mac\u0131l\u0131k yap\u0131yoruz.. sigorta kapsam\u0131 dahilinde zararlar\u0131n\u0131z sigorta firmalar\u0131 taraf\u0131ndan kar\u015f\u0131lanmaktad\u0131r m\u00fcsterih olunuz.<\/p>\n\n\n\n<p>PROFESYONEL ELEMAN<\/p>\n\n\n\n<p>&nbsp;&nbsp;&nbsp;&nbsp;&nbsp;&nbsp;&nbsp;&nbsp; A\u015fk\u0131n izmir evden eve&nbsp; nakliyat firmas\u0131 olarak kendi b\u00fcnyemizde yeti\u015ftirilmi\u015f ev e\u015fyas\u0131 ta\u015f\u0131ma hususlar\u0131nda gayet&nbsp; tecr\u00fcbeli ve uzman elemanlar\u0131m\u0131z bulunmaktad\u0131r. Bizim elemanlar\u0131m\u0131z&nbsp; evden eve nakliyat ta\u015f\u0131ma prensiplerine s\u0131k\u0131 s\u0131k\u0131ya ba\u011fl\u0131d\u0131rlar.\u00d6demi\u015f te ev nakliyesi asans\u00f6rl\u00fc ev ta\u015f\u0131ma denilince a\u015fk\u0131n nakliyat.<\/p>\n\n\n\n<p>&nbsp;&nbsp;&nbsp;&nbsp;&nbsp;&nbsp;&nbsp; Yapt\u0131klar\u0131 i\u015fte tamamen bilincinde ve profesyonel&nbsp; duruma g\u00f6re \u00e7al\u0131\u015f\u0131rlar. A\u015fk\u0131n izmir evden eve nakliyat \u015firketi olarak d\u0131\u015far\u0131dan eleman al\u0131nmaz.. \u00c7al\u0131\u015fanlar\u0131m\u0131z kendi firmam\u0131z\u0131n elemanlar\u0131 olup ta\u015f\u0131ma konusunda tecr\u00fcbelidirler.<\/p>\n\n\n\n<p>NAKL\u0130YAT NED\u0130R?<\/p>\n\n\n\n<p>&nbsp;&nbsp;&nbsp;&nbsp;&nbsp;&nbsp;&nbsp; A\u015fk\u0131n izmir evden eve nakliyat&nbsp; kelime anlam\u0131 olarak b\u00fct\u00fcn e\u015fyalar\u0131n\u0131z\u0131n bir evden bir yerden ba\u015fka bir yere aktar\u0131lmas\u0131, ta\u015f\u0131nmas\u0131 anlam\u0131na gelmektedir.<\/p>\n\n\n\n<p>&nbsp;&nbsp;&nbsp;&nbsp;&nbsp;&nbsp;&nbsp; A\u015fk\u0131n izmir evden eve anlay\u0131\u015f\u0131yla Bir evin bir yerden ba\u015fka bir yere evden eve nakliyat kurallar\u0131 uygulanarak gereken ta\u015f\u0131ma tecr\u00fcbesi ve k3 belgesini alm\u0131\u015f bir&nbsp; firman\u0131n kapal\u0131 ara\u00e7larlar\u0131 ile ta\u015f\u0131mas\u0131 ve hasars\u0131z g\u00f6t\u00fcr\u00fclmesi&nbsp; i\u015fine evden eve nakliyat ta\u015f\u0131mac\u0131l\u0131k denilmektedir.<\/p>\n\n\n\n<p>A\u015fk\u0131n evden ev nakliyat \u0131n \u00f6ncelikli olarak yapmas\u0131 gereken i\u015f . Evden eve nakliyat sekt\u00f6r\u00fcnde en \u00f6nemli hususlardan biri de \u015firketin evden eve nakliyat fiyatlar\u0131 a\u00e7\u0131s\u0131ndan rekabet edebilmesi ve m\u00fc\u015fterinin evini hasars\u0131z teslim edebilmesidir.A\u015fk\u0131n nakliyat bunu sa\u011flayabilen tek firmad\u0131r.<\/p>\n\n\n\n<p>izmir i\u00e7i nakliyat, izmir i\u00e7i s\u00fcper nakliyat.izmir i\u00e7i nakliyat.&nbsp;son sistem teknoloji ile donat\u0131lan ara\u00e7lar\u0131m\u0131zla izmir evden eve asans\u00f6rl\u00fc nakliyat hizmeti.<\/p>\n\n\n\n<p>izmir evden eve, izmir de evden eve, izmir i\u00e7i evden eve,<\/p>\n","protected":false},"excerpt":{"rendered":"<p>Hizmetlerimiz &nbsp;&nbsp;&nbsp;&nbsp;&nbsp;&nbsp;&nbsp; A\u015fk\u0131n izmir evden eve nakliyat&nbsp; sigortal\u0131 ta\u015f\u0131mac\u0131l\u0131k ilkesinden kesinlikle \u00f6d\u00fcn vermeden ta\u015f\u0131ma yapmaktad\u0131r. &nbsp;&nbsp;&nbsp;&nbsp;&nbsp;&nbsp;&nbsp; E\u015fyalar\u0131n\u0131z de\u011ferli ise A\u015fk\u0131n Nakliyat emrinizde Bizde profesyonel kalite de hizmet&nbsp; ve biz bunun bilincindeyiz .Her ne kadar yeti\u015fmi\u015f elemanlarla \u00e7al\u0131\u015f\u0131l\u0131rsa \u00e7al\u0131\u015f\u0131ls\u0131n kaza olma ihtimali vb gibi durumlar her zaman&nbsp; mevcuttur. B\u00f6yle durumlar da daima tam garantili sigortam\u0131z mevcuttur.&hellip; <br \/> <a class=\"read-more\" href=\"https:\/\/www.askinnakliyat.net\/?page_id=15\">Devam\u0131<\/a><\/p>\n","protected":false},"author":1,"featured_media":0,"parent":0,"menu_order":0,"comment_status":"closed","ping_status":"closed","template":"","meta":{"footnotes":""},"class_list":["post-15","page","type-page","status-publish","hentry"],"_links":{"self":[{"href":"https:\/\/www.askinnakliyat.net\/index.php?rest_route=\/wp\/v2\/pages\/15","targetHints":{"allow":["GET"]}}],"collection":[{"href":"https:\/\/www.askinnakliyat.net\/index.php?rest_route=\/wp\/v2\/pages"}],"about":[{"href":"https:\/\/www.askinnakliyat.net\/index.php?rest_route=\/wp\/v2\/types\/page"}],"author":[{"embeddable":true,"href":"https:\/\/www.askinnakliyat.net\/index.php?rest_route=\/wp\/v2\/users\/1"}],"replies":[{"embeddable":true,"href":"https:\/\/www.askinnakliyat.net\/index.php?rest_route=%2Fwp%2Fv2%2Fcomments&post=15"}],"version-history":[{"count":3,"href":"https:\/\/www.askinnakliyat.net\/index.php?rest_route=\/wp\/v2\/pages\/15\/revisions"}],"predecessor-version":[{"id":126,"href":"https:\/\/www.askinnakliyat.net\/index.php?rest_route=\/wp\/v2\/pages\/15\/revisions\/126"}],"wp:attachment":[{"href":"https:\/\/www.askinnakliyat.net\/index.php?rest_route=%2Fwp%2Fv2%2Fmedia&parent=15"}],"curies":[{"name":"wp","href":"https:\/\/api.w.org\/{rel}","templated":true}]}}