{"id":106,"date":"2025-09-06T18:46:24","date_gmt":"2025-09-06T15:46:24","guid":{"rendered":"https:\/\/www.askinnakliyat.net\/?page_id=106"},"modified":"2025-09-06T18:51:58","modified_gmt":"2025-09-06T15:51:58","slug":"lokasyon","status":"publish","type":"page","link":"https:\/\/www.askinnakliyat.net\/?page_id=106","title":{"rendered":"Lokasyon"},"content":{"rendered":"\n<div class=\"wp-block-columns is-layout-flex wp-container-core-columns-is-layout-9d6595d7 wp-block-columns-is-layout-flex\">\n<div class=\"wp-block-column is-layout-flow wp-block-column-is-layout-flow\" style=\"flex-basis:33.33%\">\n<h4 class=\"wp-block-heading\">\u0130LET\u0130\u015e\u0130M B\u0130LG\u0130LER\u0130M\u0130Z<\/h4>\n\n\n\n<p>\u2022 TEL: 0232 348 68 97 \u2022 GSM: 0554 588 17 57 \u2022 GSM: 0535 541 95 25<br><br>275\/2 sok. No:8\/C Bayrakl\u0131 \/ \u0130ZM\u0130R (Manavkuyu Mahalle Muhtarl\u0131g\u0131 Yan\u0131)<\/p>\n<\/div>\n\n\n\n<div class=\"wp-block-column is-layout-flow wp-block-column-is-layout-flow\" style=\"flex-basis:66.66%\">\n<iframe src=\"https:\/\/www.google.com\/maps\/embed?pb=!1m18!1m12!1m3!1d3124.16614345935!2d27.188738574792097!3d38.46072547235329!2m3!1f0!2f0!3f0!3m2!1i1024!2i768!4f13.1!3m3!1m2!1s0x14bb937a6a983823%3A0x7b9dfc61ffd72f6f!2zQcWfa8SxbiBOYWtsaXlhdCBFdmRlbiBldmUgdGHFn8SxbWFjxLFsxLFr!5e0!3m2!1str!2str!4v1757173570612!5m2!1str!2str\" width=\"600\" height=\"450\" style=\"border:0;\" allowfullscreen=\"\" loading=\"lazy\" referrerpolicy=\"no-referrer-when-downgrade\"><\/iframe>\n<\/div>\n<\/div>\n","protected":false},"excerpt":{"rendered":"<p>\u0130LET\u0130\u015e\u0130M B\u0130LG\u0130LER\u0130M\u0130Z \u2022 TEL: 0232 348 68 97 \u2022 GSM: 0554 588 17 57 \u2022 GSM: 0535 541 95 25 275\/2 sok. No:8\/C Bayrakl\u0131 \/ \u0130ZM\u0130R (Manavkuyu Mahalle Muhtarl\u0131g\u0131 Yan\u0131)<\/p>\n","protected":false},"author":1,"featured_media":0,"parent":0,"menu_order":0,"comment_status":"closed","ping_status":"closed","template":"","meta":{"footnotes":""},"class_list":["post-106","page","type-page","status-publish","hentry"],"_links":{"self":[{"href":"https:\/\/www.askinnakliyat.net\/index.php?rest_route=\/wp\/v2\/pages\/106","targetHints":{"allow":["GET"]}}],"collection":[{"href":"https:\/\/www.askinnakliyat.net\/index.php?rest_route=\/wp\/v2\/pages"}],"about":[{"href":"https:\/\/www.askinnakliyat.net\/index.php?rest_route=\/wp\/v2\/types\/page"}],"author":[{"embeddable":true,"href":"https:\/\/www.askinnakliyat.net\/index.php?rest_route=\/wp\/v2\/users\/1"}],"replies":[{"embeddable":true,"href":"https:\/\/www.askinnakliyat.net\/index.php?rest_route=%2Fwp%2Fv2%2Fcomments&post=106"}],"version-history":[{"count":5,"href":"https:\/\/www.askinnakliyat.net\/index.php?rest_route=\/wp\/v2\/pages\/106\/revisions"}],"predecessor-version":[{"id":114,"href":"https:\/\/www.askinnakliyat.net\/index.php?rest_route=\/wp\/v2\/pages\/106\/revisions\/114"}],"wp:attachment":[{"href":"https:\/\/www.askinnakliyat.net\/index.php?rest_route=%2Fwp%2Fv2%2Fmedia&parent=106"}],"curies":[{"name":"wp","href":"https:\/\/api.w.org\/{rel}","templated":true}]}}